{"id":3,"date":"2021-04-12T23:26:01","date_gmt":"2021-04-12T23:26:01","guid":{"rendered":"http:\/\/box5602\/cgi\/addon_GT.cgi?s=GT::WP::Install::EIG+%28vbaarqui%29+-+10.0.87.20+%5BWordpress%3b+\/var\/hp\/common\/lib\/Wordpress.pm%3b+359%3b+Hosting::gap_call%5D\/?page_id=3"},"modified":"2021-05-28T16:06:59","modified_gmt":"2021-05-28T21:06:59","slug":"politica-privacidad","status":"publish","type":"page","link":"https:\/\/constructorabya.net\/edificio_navarra\/politica-privacidad\/","title":{"rendered":"Pol\u00edtica de Privacidad"},"content":{"rendered":"<h2>SECCI\u00d3N 1 \u2013 \u00bfQU\u00c9 HACEMOS CON TU INFORMACI\u00d3N?<\/h2>\r\n<p>Cuando ingresas tus datos en los formularios de nuestra p\u00e1gina, como parte del proceso de contacto, nosotros recolectamos la informaci\u00f3n personal que nos das tales como nombre, direcci\u00f3n, tel\u00e9fono\u00a0 y correo electr\u00f3nico.<\/p>\r\n<p>Cuando navegas en nuestra p\u00e1gina, tambi\u00e9n recibimos de manera autom\u00e1tica la direcci\u00f3n de protocolo de internet de tu computadora (IP) con el fin de proporcionarnos informaci\u00f3n que nos ayuda a conocer acerca de su navegador y sistema operativo.<\/p>\r\n<p>Email marketing: Con tu permiso, podremos enviarte correos electr\u00f3nicos acerca de nuestros proyectos, nuevos productos y otras actualizaciones<\/p>\r\n<h2>SECTION 2 \u2013 CONSENTIMIENTO<\/h2>\r\n<p>C\u00f3mo obtienen mi consentimiento?<\/p>\r\n<p>Cuando nos provees tu informaci\u00f3n personal para completar un formulario o agendar una cita, implicamos que aceptas la recolecci\u00f3n y uso por esa raz\u00f3n espec\u00edfica solamente.<\/p>\r\n<p>Si te pedimos tu informaci\u00f3n personal por una raz\u00f3n secundaria, como marketing, te pediremos directame tu expreso consentimiento, o te daremos la oportunidad de negarte.<\/p>\r\n<p>\u00bfC\u00f3mo puedo anular mi consentimiento?<\/p>\r\n<p>Si luego de haber aceptado cambias de opini\u00f3n, puedes anular tu consentimiento para que te contactemos, por la recolecci\u00f3n, uso o divulgaci\u00f3n de tu informaci\u00f3n, en cualquier momento, contact\u00e1ndonos a info@constructorabya.net o escribi\u00e9ndonos a: Constructora B&amp;A\u00a0 &#8211; Luis Moreno Mora 6-108. Edificio Gaviora oficina 101, Cuenca, Azuay, 010150, Ecuador<\/p>\r\n<h2>SECCI\u00d3N 3 \u2013 DIVULGACI\u00d3N<\/h2>\r\n<p>Podemos divulgar tu informaci\u00f3n personal si se nos requiere por ley o si violas nuestros T\u00e9rminos de Servicio.<\/p>\r\n<h2>SECCI\u00d3N 4 \u2013 LA PAG\u00cdNA<\/h2>\r\n<p>Nuestra p\u00e1gina web se encuentra alojada en BLUEHOST. Ellos nos proporcionan la plataforma de hosting, y la informaci\u00f3n que llenas en nuestras redes sociales es gestionada con herramientas de la propia red social en la cual solicitaste informaci\u00f3n de nuestro proyecto.<\/p>\r\n<p>Tus datos se almacenan a trav\u00e9s del almacenamiento de datosen formnato csv, bases de datos y la aplicaci\u00f3n general de wordpress. Tus datos se almacenan en un servidor seguro detr\u00e1s de un firewall.<\/p>\r\n<h2>SECCI\u00d3N 5 \u2013 SEGURIDAD<\/h2>\r\n<p>Para proteger tu informaci\u00f3n personal, tomamos precauciones razonables y seguimos las mejores pr\u00e1cticas de la industria para asegurarnos de que no haya p\u00e9rdida de manera inapropiada, mal uso, acceso, divulgaci\u00f3n, alteraci\u00f3n o destrucci\u00f3n de la misma.<\/p>\r\n<p><strong>COOKIES<\/strong><\/p>\r\n<p>Aqu\u00ed tienes una lista de cookies que utilizamos. Las enlistamos para que puedas elegir si quieres optar por quitarlas o no.<\/p>\r\n<p>_session_id, unique token, sessional, Allows Ecompake to store information about your session (referrer, landing page, etc).<\/p>\r\n<p>_ecomapke_visit, no data held, Persistent for 30 minutes from the last visit, Used by our website provider\u2019s internal stats tracker to record the number of visits<\/p>\r\n<p>_ecompake_uniq, no data held, expires midnight (relative to the visitor) of the next day, Counts the number of visits to a store by a single customer.<\/p>\r\n<p>cart, unique token, persistent for 2 weeks, Stores information about the contents of your cart.<\/p>\r\n<p>_secure_session_id, unique token, sessional<\/p>\r\n<p>storefront_digest, unique token, indefinite If the shop has a password, this is used to determine if the current visitor has access.<\/p>\r\n<h2>SECCI\u00d3N 6 \u2013 EDAD DE CONSENTIMIENTO<\/h2>\r\n<p>Al utilizar este sitio, declaras que tienes al menos la mayor\u00eda de edad en tu ciudad o provincia de residencia, o que tienes la mayor\u00eda de edad en tu estado o provincia de residencia y que nos has dado tu consentimiento para permitir que cualquiera de tus dependientes menores use este sitio.<\/p>\r\n<h2>SECCI\u00d3N 7 \u2013 CAMBIOS A ESTA POL\u00cdTICA DE PRIVACIDAD<\/h2>\r\n<p>Nos reservamos el derecho de modificar esta pol\u00edtica de privacidad en cualquier momento, asi que por favor rev\u00edsala frecuentemente. Cambios y aclaraciones entrar\u00e1n en vigencia inmediatamente despu\u00e9s de su publicaci\u00f3n en el sitio web. Si hacemos cambios materiales a esta pol\u00edtica, notificaremos aqu\u00ed que ha sido actualizada, por lo que cual est\u00e1s enterado de qu\u00e9 informaci\u00f3n recopilamos, c\u00f3mo y bajo qu\u00e9 circunstancias, si las hubiere, la utilizamos y\/o divulgamos.<\/p>\r\n<p>Si nuestra tienda es adquirida o fusionada con otra empresa, tu informaci\u00f3n puede ser transferida a los nuevos propietarios, para que podamos seguir vendi\u00e9ndote productos.<\/p>\r\n<p>PREGUNTAS E INFORMACI\u00d3N DE CONTACTO<\/p>\r\n<p>Si quieres: acceder, corregir, enmendar o borrar cualquier informaci\u00f3n personal que poseamos sobre ti, registrar una queja, o simplemente quieres m\u00e1s informaci\u00f3n contacta a nuestro Oficial de Cumplimiento de Privacidad info@constructorabya.net\u00a0 o por correopostal a Constructora B&amp;A<\/p>\r\n<p>[Re: Privacy Compliance Officer]<\/p>\r\n<p>[Luis Moreno Mora 6-108. Edificio Gaviora ofc. 101, Cuenca, Azuay, 010150, Ecuador]<\/p>\r\n<hr class=\"wp-block-separator\" \/>","protected":false},"excerpt":{"rendered":"<p>SECCI\u00d3N 1 \u2013 \u00bfQU\u00c9 HACEMOS CON TU INFORMACI\u00d3N? Cuando ingresas tus datos en los formularios de nuestra p\u00e1gina, como parte del proceso de contacto, nosotros recolectamos la informaci\u00f3n personal que nos das tales como nombre, direcci\u00f3n, tel\u00e9fono\u00a0 y correo electr\u00f3nico. Cuando navegas en nuestra p\u00e1gina, tambi\u00e9n recibimos de manera autom\u00e1tica la direcci\u00f3n de protocolo de &hellip; <\/p>\n<p class=\"link-more\"><a href=\"https:\/\/constructorabya.net\/edificio_navarra\/politica-privacidad\/\" class=\"more-link\">Read More <span class=\"screen-reader-text\"> &#8220;Pol\u00edtica de Privacidad&#8221;<\/span><\/a><\/p>\n","protected":false},"author":1,"featured_media":0,"parent":0,"menu_order":0,"comment_status":"closed","ping_status":"open","template":"","meta":{"nf_dc_page":"","inline_featured_image":false,"footnotes":""},"class_list":["post-3","page","type-page","status-publish","hentry"],"jetpack_sharing_enabled":true,"_links":{"self":[{"href":"https:\/\/constructorabya.net\/edificio_navarra\/wp-json\/wp\/v2\/pages\/3","targetHints":{"allow":["GET"]}}],"collection":[{"href":"https:\/\/constructorabya.net\/edificio_navarra\/wp-json\/wp\/v2\/pages"}],"about":[{"href":"https:\/\/constructorabya.net\/edificio_navarra\/wp-json\/wp\/v2\/types\/page"}],"author":[{"embeddable":true,"href":"https:\/\/constructorabya.net\/edificio_navarra\/wp-json\/wp\/v2\/users\/1"}],"replies":[{"embeddable":true,"href":"https:\/\/constructorabya.net\/edificio_navarra\/wp-json\/wp\/v2\/comments?post=3"}],"version-history":[{"count":1,"href":"https:\/\/constructorabya.net\/edificio_navarra\/wp-json\/wp\/v2\/pages\/3\/revisions"}],"predecessor-version":[{"id":3160,"href":"https:\/\/constructorabya.net\/edificio_navarra\/wp-json\/wp\/v2\/pages\/3\/revisions\/3160"}],"wp:attachment":[{"href":"https:\/\/constructorabya.net\/edificio_navarra\/wp-json\/wp\/v2\/media?parent=3"}],"curies":[{"name":"wp","href":"https:\/\/api.w.org\/{rel}","templated":true}]}}